{"id":12,"date":"2021-10-27T13:37:43","date_gmt":"2021-10-27T10:37:43","guid":{"rendered":"https:\/\/killtox.com\/tr\/?page_id=12"},"modified":"2021-11-30T10:17:00","modified_gmt":"2021-11-30T07:17:00","slug":"liquid","status":"publish","type":"page","link":"https:\/\/killtox.com\/tr\/liquid\/","title":{"rendered":"Killtox Liquid"},"content":{"rendered":"\t<section class=\"section\" id=\"section_566119825\">\n\t\t<div class=\"bg section-bg fill bg-fill  bg-loaded\" >\n\n\t\t\t\n\t\t\t\n\t\t\t\n\n\t\t<\/div>\n\n\t\t<div class=\"section-content relative\">\n\t\t\t\n<div class=\"row\"  id=\"row-1850356987\">\n\n\t<div id=\"col-583942655\" class=\"col medium-5 small-12 large-5\"  >\n\t\t\t\t<div class=\"col-inner\"  >\n\t\t\t\n\t<div class=\"is-border\"\n\t\tstyle=\"border-color:rgb(177, 177, 177);border-radius:4px;border-width:1px 1px 1px 1px;\">\n\t<\/div>\n\t\t\t\n\t<div class=\"img has-hover x md-x lg-x y md-y lg-y\" id=\"image_355696286\">\n\t\t<a class=\"image-lightbox lightbox-gallery\" title=\"\" href=\"https:\/\/killtox.com\/tr\/wp-content\/uploads\/2021\/11\/liquid-1024x1024.jpg\">\t\t\t\t\t\t<div class=\"img-inner dark\" >\n\t\t\t<img loading=\"lazy\" decoding=\"async\" width=\"1200\" height=\"1200\" src=\"https:\/\/killtox.com\/tr\/wp-content\/uploads\/2021\/11\/liquid.jpg\" class=\"attachment-original size-original\" alt=\"\" srcset=\"https:\/\/killtox.com\/tr\/wp-content\/uploads\/2021\/11\/liquid.jpg 1200w, https:\/\/killtox.com\/tr\/wp-content\/uploads\/2021\/11\/liquid-300x300.jpg 300w, https:\/\/killtox.com\/tr\/wp-content\/uploads\/2021\/11\/liquid-1024x1024.jpg 1024w, https:\/\/killtox.com\/tr\/wp-content\/uploads\/2021\/11\/liquid-150x150.jpg 150w, https:\/\/killtox.com\/tr\/wp-content\/uploads\/2021\/11\/liquid-768x768.jpg 768w\" sizes=\"auto, (max-width: 1200px) 100vw, 1200px\" \/>\t\t\t\t\t\t\n\t\t\t\t\t<\/div>\n\t\t\t\t\t\t<\/a>\t\t\n<style>\n#image_355696286 {\n  width: 100%;\n}\n<\/style>\n\t<\/div>\n\t\n\t\t<\/div>\n\t\t\t\t\n<style>\n#col-583942655 > .col-inner {\n  padding: 5px 5px 5px 5px;\n}\n<\/style>\n\t<\/div>\n\n\t\n\n\t<div id=\"col-1709312471\" class=\"col medium-7 small-12 large-7\"  >\n\t\t\t\t<div class=\"col-inner\"  >\n\t\t\t\n\t\t\t\n<div class=\"container section-title-container\" ><h3 class=\"section-title section-title-normal\"><b><\/b><span class=\"section-title-main\" style=\"font-size:80%;\">KILLTOX HA\u015eERE \u00d6LD\u00dcR\u00dcC\u00dc<\/span><b><\/b><\/h3><\/div>\n<table>\n<tbody>\n<tr style=\"height: 23px;\">\n<td style=\"height: 23px;\">\u00a0PRODUCT CODE<\/td>\n<td style=\"height: 23px;\">MM.0000.35.026.96<\/td>\n<\/tr>\n<tr style=\"height: 23px;\">\n<td style=\"height: 23px;\">\u00a0I UNIT NET GR<\/td>\n<td style=\"height: 23px;\">24,45 GR<\/td>\n<\/tr>\n<tr style=\"height: 23px;\">\n<td style=\"height: 23px;\">\u00a0INSIDE BOX<\/td>\n<td style=\"height: 23px;\">96 PCS<\/td>\n<\/tr>\n<tr style=\"height: 23px;\">\n<td style=\"height: 23px;\">\u00a01 BOX GROSS KG<\/td>\n<td style=\"height: 23px;\">5,38 KG<\/td>\n<\/tr>\n<tr style=\"height: 23px;\">\n<td style=\"height: 23px;\">\u00a01 BOX m3<\/td>\n<td style=\"height: 23px;\">0,0219<\/td>\n<\/tr>\n<\/tbody>\n<\/table>\n\t\t<\/div>\n\t\t\t\t\t<\/div>\n\n\t\n<\/div>\n\t\t<\/div>\n\n\t\t\n<style>\n#section_566119825 {\n  padding-top: 30px;\n  padding-bottom: 30px;\n}\n<\/style>\n\t<\/section>\n\t\n","protected":false},"excerpt":{"rendered":"","protected":false},"author":1,"featured_media":0,"parent":0,"menu_order":0,"comment_status":"closed","ping_status":"closed","template":"","meta":{"footnotes":""},"class_list":["post-12","page","type-page","status-publish","hentry"],"_links":{"self":[{"href":"https:\/\/killtox.com\/tr\/wp-json\/wp\/v2\/pages\/12","targetHints":{"allow":["GET"]}}],"collection":[{"href":"https:\/\/killtox.com\/tr\/wp-json\/wp\/v2\/pages"}],"about":[{"href":"https:\/\/killtox.com\/tr\/wp-json\/wp\/v2\/types\/page"}],"author":[{"embeddable":true,"href":"https:\/\/killtox.com\/tr\/wp-json\/wp\/v2\/users\/1"}],"replies":[{"embeddable":true,"href":"https:\/\/killtox.com\/tr\/wp-json\/wp\/v2\/comments?post=12"}],"version-history":[{"count":7,"href":"https:\/\/killtox.com\/tr\/wp-json\/wp\/v2\/pages\/12\/revisions"}],"predecessor-version":[{"id":138,"href":"https:\/\/killtox.com\/tr\/wp-json\/wp\/v2\/pages\/12\/revisions\/138"}],"wp:attachment":[{"href":"https:\/\/killtox.com\/tr\/wp-json\/wp\/v2\/media?parent=12"}],"curies":[{"name":"wp","href":"https:\/\/api.w.org\/{rel}","templated":true}]}}