{"id":16,"date":"2021-10-27T13:38:40","date_gmt":"2021-10-27T10:38:40","guid":{"rendered":"https:\/\/killtox.com\/tr\/?page_id=16"},"modified":"2021-12-09T16:53:53","modified_gmt":"2021-12-09T13:53:53","slug":"insecticide-aerosol","status":"publish","type":"page","link":"https:\/\/killtox.com\/tr\/insecticide-aerosol\/","title":{"rendered":"\u0130nsecticide Aerosol"},"content":{"rendered":"\t<section class=\"section\" id=\"section_1473911762\">\n\t\t<div class=\"bg section-bg fill bg-fill  bg-loaded\" >\n\n\t\t\t\n\t\t\t\n\t\t\t\n\n\t\t<\/div>\n\n\t\t<div class=\"section-content relative\">\n\t\t\t\n<div class=\"row\"  id=\"row-1942976647\">\n\n\t<div id=\"col-259337517\" class=\"col medium-5 small-12 large-5\"  >\n\t\t\t\t<div class=\"col-inner\"  >\n\t\t\t\n\t<div class=\"is-border\"\n\t\tstyle=\"border-color:rgb(177, 177, 177);border-radius:4px;border-width:1px 1px 1px 1px;\">\n\t<\/div>\n\t\t\t\n\t<div class=\"img has-hover x md-x lg-x y md-y lg-y\" id=\"image_2129822562\">\n\t\t<a class=\"image-lightbox lightbox-gallery\" title=\"\" href=\"https:\/\/killtox.com\/tr\/wp-content\/uploads\/2021\/11\/Killtox-insecticide-aerosol-1024x1024.jpg\">\t\t\t\t\t\t<div class=\"img-inner dark\" >\n\t\t\t<img loading=\"lazy\" decoding=\"async\" width=\"1200\" height=\"1200\" src=\"https:\/\/killtox.com\/tr\/wp-content\/uploads\/2021\/11\/Killtox-insecticide-aerosol.jpg\" class=\"attachment-original size-original\" alt=\"\" srcset=\"https:\/\/killtox.com\/tr\/wp-content\/uploads\/2021\/11\/Killtox-insecticide-aerosol.jpg 1200w, https:\/\/killtox.com\/tr\/wp-content\/uploads\/2021\/11\/Killtox-insecticide-aerosol-300x300.jpg 300w, https:\/\/killtox.com\/tr\/wp-content\/uploads\/2021\/11\/Killtox-insecticide-aerosol-1024x1024.jpg 1024w, https:\/\/killtox.com\/tr\/wp-content\/uploads\/2021\/11\/Killtox-insecticide-aerosol-150x150.jpg 150w, https:\/\/killtox.com\/tr\/wp-content\/uploads\/2021\/11\/Killtox-insecticide-aerosol-768x768.jpg 768w\" sizes=\"auto, (max-width: 1200px) 100vw, 1200px\" \/>\t\t\t\t\t\t\n\t\t\t\t\t<\/div>\n\t\t\t\t\t\t<\/a>\t\t\n<style>\n#image_2129822562 {\n  width: 100%;\n}\n<\/style>\n\t<\/div>\n\t\n\t\t<\/div>\n\t\t\t\t\n<style>\n#col-259337517 > .col-inner {\n  padding: 5px 5px 5px 5px;\n}\n<\/style>\n\t<\/div>\n\n\t\n\n\t<div id=\"col-2119841679\" class=\"col medium-7 small-12 large-7\"  >\n\t\t\t\t<div class=\"col-inner\"  >\n\t\t\t\n\t\t\t\n<div class=\"container section-title-container\" ><h3 class=\"section-title section-title-normal\"><b><\/b><span class=\"section-title-main\" style=\"font-size:80%;\">KILLTOX HA\u015eERE \u00d6LD\u00dcR\u00dcC\u00dc<\/span><b><\/b><\/h3><\/div>\n<p>Lorem ipsum dolor sit amet, consectetuer adipiscing elit, sed diam nonummy nibh euismod tincidunt ut laoreet dolore magna aliquam erat volutpat. Lorem ipsum dolor sit amet, consectetuer adipiscing elit, sed diam nonummy nibh euismod tincidunt ut laoreet dolore magna aliquam erat volutpat.<\/p>\n<p>Lorem ipsum dolor sit amet, consectetuer adipiscing elit, sed diam nonummy nibh euismod tincidunt ut laoreet dolore magna aliquam erat volutpat. Lorem ipsum dolor sit amet, consectetuer adipiscing elit, sed diam nonummy nibh euismod tincidunt ut laoreet dolore magna aliquam erat volutpat.<\/p>\n\t\t<\/div>\n\t\t\t\t\t<\/div>\n\n\t\n<\/div>\n\t\t<\/div>\n\n\t\t\n<style>\n#section_1473911762 {\n  padding-top: 30px;\n  padding-bottom: 30px;\n}\n<\/style>\n\t<\/section>\n\t\n","protected":false},"excerpt":{"rendered":"","protected":false},"author":1,"featured_media":0,"parent":0,"menu_order":0,"comment_status":"closed","ping_status":"closed","template":"","meta":{"footnotes":""},"class_list":["post-16","page","type-page","status-publish","hentry"],"_links":{"self":[{"href":"https:\/\/killtox.com\/tr\/wp-json\/wp\/v2\/pages\/16","targetHints":{"allow":["GET"]}}],"collection":[{"href":"https:\/\/killtox.com\/tr\/wp-json\/wp\/v2\/pages"}],"about":[{"href":"https:\/\/killtox.com\/tr\/wp-json\/wp\/v2\/types\/page"}],"author":[{"embeddable":true,"href":"https:\/\/killtox.com\/tr\/wp-json\/wp\/v2\/users\/1"}],"replies":[{"embeddable":true,"href":"https:\/\/killtox.com\/tr\/wp-json\/wp\/v2\/comments?post=16"}],"version-history":[{"count":2,"href":"https:\/\/killtox.com\/tr\/wp-json\/wp\/v2\/pages\/16\/revisions"}],"predecessor-version":[{"id":91,"href":"https:\/\/killtox.com\/tr\/wp-json\/wp\/v2\/pages\/16\/revisions\/91"}],"wp:attachment":[{"href":"https:\/\/killtox.com\/tr\/wp-json\/wp\/v2\/media?parent=16"}],"curies":[{"name":"wp","href":"https:\/\/api.w.org\/{rel}","templated":true}]}}